{"id":6,"date":"2011-02-17T09:25:47","date_gmt":"2011-02-17T08:25:47","guid":{"rendered":"http:\/\/www.memorium.cz\/beta\/?page_id=6"},"modified":"2019-02-10T00:57:08","modified_gmt":"2019-02-09T23:57:08","slug":"pravidla","status":"publish","type":"page","link":"https:\/\/www.memorium.cz\/?page_id=6","title":{"rendered":"Pravidla"},"content":{"rendered":"<p>Tento soupis pravidel je z\u00e1vazn\u00fd pro ka\u017ed\u00e9ho hr\u00e1\u010de, vyj\u00edmku tvo\u0159\u00ed GM, kter\u00e9 nepodl\u00e9h\u00e1 pravidl\u016fm, ale \u0159\u00edd\u00ed se na\u0161\u00edm etick\u00fdm kodexem, kter\u00fd m\u00e1me v\u0161ichni stanoven\u00fd<\/p>\n<p>Pravidla jsou jednoduch\u00e1<\/p>\n<p>1) Ka\u017ed\u00fd hr\u00e1\u010d bez v\u00fdjimky mus\u00ed b\u00fdt plnolet\u00fd, registraci potvrzuje tento fakt. V\u0161em osob\u00e1m mlad\u0161\u00edm 18ti let je zak\u00e1z\u00e1no zde hr\u00e1t.<\/p>\n<p>2) Nebudete vyu\u017e\u00edvat scripty \u010di programy t\u0159et\u00edch stran(hlapex, Phx, Walker) vyj\u00edmkou je zoom hack, nude patch, \u010de\u0161tina a nebo memorium patch.\u00a0<strong>Ostatn\u00ed SW je bez povolen\u00ed GM zak\u00e1zan\u00fd. V p\u0159\u00edpad\u011b poru\u0161en\u00ed rozhoduje o trestu GM. Trestem m\u016f\u017ee b\u00fdt ztr\u00e1ta postav, p\u0159\u00edpadn\u011b cel\u00e9ho klanu.\u017d\u00e1dn\u00e9 zkou\u0161en\u00ed a vyhledavan\u00ed bug\u016f.<br \/>\n<\/strong><\/p>\n<p>3) V chatu je zak\u00e1z\u00e1no pou\u017e\u00edvat sprost\u00e9, nacisticke \u010di rasistick\u00e9 ur\u00e1\u017eky,propagovat jakoukoliv ideologie, kter\u00e1 ur\u00e1\u017e\u00ed a nebo omezuje skupinu lid\u00ed a nebo jedince, nebo je v rozporu se z\u00e1kony \u010cR. Pokud se n\u011bkter\u00e1 postava c\u00edt\u00ed b\u00fdt ura\u017eena chov\u00e1n\u00edm n\u011bjak\u00e9ho hr\u00e1\u010de, nech\u0165 p\u0159\u00edmo ona uplatn\u00ed svoji p\u0159ipom\u00ednku u GM.<br \/>\n4) Nespamovat chat.<\/p>\n<p>5) Neptat se jestli m\u016f\u017eu b\u00fdt GM.<\/p>\n<p>6) Ne\u017eebrat o Adeny \u010di jin\u00e9 p\u0159edm\u011bty ve ve\u0159ejn\u00e9m Chatu.<\/p>\n<p>7) Je p\u0159\u00edsn\u011b zak\u00e1z\u00e1no prod\u00e1vat \u010di kupovat od hra\u010d\u016f pr\u011bdm\u011bty za re\u00e1ln\u00e9 pen\u00edze, pokud bude zji\u0161t\u011bno, \u017ee k takov\u00e9to situaci do\u0161lo,nebo doch\u00e1z\u00ed, bude proveden okam\u017eit\u00fd BAN bez upozorn\u011bn\u00ed a Wipe v\u0161ech item\u016f.<\/p>\n<p>8 ) Zak\u00e1z\u00e1no \u00fato\u010dit na v\u0161echna NPC, vyj\u00edmkou jsou NPC v olympijsk\u00e9m stadionu.<\/p>\n<p>9)\u00a0<strong>Rozhodnut\u00ed GM jsou platn\u00e1, je zak\u00e1z\u00e1no ve\u0159ejn\u011b je rozporovat, nebo je zesm\u011b\u0161\u0148ovat, \u010di pop\u00edrat my\u0161len\u00fd v\u00fdznam. <\/strong><em>Pokud nesouhlas\u00edte se z\u00e1v\u011brem GM, je mo\u017en\u00e9 odvolat se s p\u0159\u00edpadem k head GM \u00a0Moros a to formou private message a nebo email.<\/em><\/p>\n<p>10) \u00a0Je z\u00e1k\u00e1z\u00e1no zab\u00edjen\u00ed postav do lvl 20<\/p>\n<p>11) Sd\u00edleni acc je povoleno, ale nebereme zodpov\u011bdnost za jejich zneu\u017eit\u00ed, a ani za itemy, kter\u00e9 se t\u00edmto sd\u00edlen\u00edm ztr\u00e1cej\u00ed. D\u00e1le nep\u0159eb\u00edr\u00e1me riziko, za jednodu\u0161e prolomiteln\u00e9 heslo a dal\u0161\u00ed u\u017eivatelsk\u00e9 chyby v zabezpe\u010den\u00ed. GM nevid\u00ed hesla hr\u00e1\u010d\u016f a je tedy nutn\u00e9 s t\u00edm po\u010d\u00edtat a po GM hesla nevy\u017eadovat. Zm\u011bny a zapomenut\u00e1 hesla d\u011bl\u00e1me pouze pro ACC vytvo\u0159en\u00e9 p\u0159es ACC managera na z\u00e1klad\u011b emailu,kter\u00fd je posl\u00e1n emailu zadan\u00e9ho p\u0159i registraci. Pokud pot\u0159ebujete ov\u011b\u0159it vypln\u011bn\u00ed emailu, m\u016f\u017eete u GM a p\u0159\u00edpadn\u011b po\u017e\u00e1dat o jeho dopln\u011bn\u00ed, \u010di zm\u011bnu.<\/p>\n<p>12) Sd\u011blov\u00e1n\u00ed osobn\u00edch informac\u00ed je zak\u00e1z\u00e1no.<\/p>\n<p>13) GM neobnovuje ztracen\u00e9 nebo vyhozen\u00e9 p\u0159edm\u011bty.<\/p>\n<p><strong>14) Multibox povolen<\/strong><\/p>\n<p><strong>15) Bez povolen\u00ed GM je zak\u00e1z\u00e1no propagovat jin\u00e9 hern\u00ed L2 servery.<\/strong><\/p>\n<p>16) Ka\u017ed\u00fd charakter a nebo account nevyu\u017e\u00edvan\u00fd d\u00e9le, jak 6 m\u011bs\u00edc\u016f, je automaticky vymaz\u00e1n.<\/p>\n<p>17) Je zak\u00e1z\u00e1no vyhazovat v\u011bci na zem bez povolen\u00ed GM.<\/p>\n<p>18) Vlastnictv\u00ed hradu je v\u00e1z\u00e1no striktn\u011b na klan. Nen\u00ed povoleno, aby jedna osoba ob\u00fdvaj\u00edc\u00ed nebo vlastn\u00edc\u00ed v\u00edce klan\u016f, m\u011bla obsazeno v\u00edce ne\u017e jeden hrad.<\/p>\n<p style=\"text-align: right;\"><strong>Moros<\/strong><\/p>\n","protected":false},"excerpt":{"rendered":"<p>Tento soupis pravidel je z\u00e1vazn\u00fd pro ka\u017ed\u00e9ho hr\u00e1\u010de, vyj\u00edmku tvo\u0159\u00ed GM, kter\u00e9 nepodl\u00e9h\u00e1 pravidl\u016fm, ale \u0159\u00edd\u00ed se na\u0161\u00edm etick\u00fdm kodexem, kter\u00fd m\u00e1me v\u0161ichni stanoven\u00fd Pravidla jsou jednoduch\u00e1 1) Ka\u017ed\u00fd hr\u00e1\u010d bez v\u00fdjimky mus\u00ed b\u00fdt plnolet\u00fd, registraci potvrzuje tento fakt. V\u0161em osob\u00e1m mlad\u0161\u00edm 18ti let je zak\u00e1z\u00e1no zde hr\u00e1t. 2) Nebudete vyu\u017e\u00edvat scripty \u010di programy t\u0159et\u00edch &hellip; <\/p>\n<p class=\"link-more\"><a href=\"https:\/\/www.memorium.cz\/?page_id=6\" class=\"more-link\">Pokra\u010dovat ve \u010dten\u00ed<span class=\"screen-reader-text\"> &#8222;Pravidla&#8220;<\/span><\/a><\/p>\n","protected":false},"author":1666,"featured_media":0,"parent":2,"menu_order":5,"comment_status":"closed","ping_status":"closed","template":"","meta":{"footnotes":""},"class_list":["post-6","page","type-page","status-publish","hentry"],"_links":{"self":[{"href":"https:\/\/www.memorium.cz\/index.php?rest_route=\/wp\/v2\/pages\/6","targetHints":{"allow":["GET"]}}],"collection":[{"href":"https:\/\/www.memorium.cz\/index.php?rest_route=\/wp\/v2\/pages"}],"about":[{"href":"https:\/\/www.memorium.cz\/index.php?rest_route=\/wp\/v2\/types\/page"}],"author":[{"embeddable":true,"href":"https:\/\/www.memorium.cz\/index.php?rest_route=\/wp\/v2\/users\/1666"}],"replies":[{"embeddable":true,"href":"https:\/\/www.memorium.cz\/index.php?rest_route=%2Fwp%2Fv2%2Fcomments&post=6"}],"version-history":[{"count":17,"href":"https:\/\/www.memorium.cz\/index.php?rest_route=\/wp\/v2\/pages\/6\/revisions"}],"predecessor-version":[{"id":2494,"href":"https:\/\/www.memorium.cz\/index.php?rest_route=\/wp\/v2\/pages\/6\/revisions\/2494"}],"up":[{"embeddable":true,"href":"https:\/\/www.memorium.cz\/index.php?rest_route=\/wp\/v2\/pages\/2"}],"wp:attachment":[{"href":"https:\/\/www.memorium.cz\/index.php?rest_route=%2Fwp%2Fv2%2Fmedia&parent=6"}],"curies":[{"name":"wp","href":"https:\/\/api.w.org\/{rel}","templated":true}]}}