{"id":508,"date":"2011-02-19T23:06:44","date_gmt":"2011-02-19T22:06:44","guid":{"rendered":"http:\/\/www.memorium.cz\/?page_id=508"},"modified":"2020-01-19T20:06:59","modified_gmt":"2020-01-19T19:06:59","slug":"unibuffer","status":"publish","type":"page","link":"https:\/\/www.memorium.cz\/?page_id=508","title":{"rendered":"Unibuffer"},"content":{"rendered":"<p>Co je Unibuffer?<\/p>\n<p>Unibuffer je hern\u00ed postava, kter\u00e1 nese buffy classu kter\u00e9 si ur\u010d\u00ed h\u0159\u00e1c z dan\u00e9ho v\u00fdb\u011bru. Je ochuzena o healovac\u00ed schopnosti, recharge a debuffy, krom t\u011bch, kter\u00e9 vychazej\u00ed z jeho classu. <strong>Je to v\u017edy Human Cleric anebo Hierophant<\/strong>.<\/p>\n<p>P\u0159es webov\u00e9 rozhran\u00ed lze spojit max. 6. slot\u016f, pokud se bude unibuffer skl\u00e1dat z v\u00edce classu je pot\u0159eba toto prov\u00e9zt p\u0159es GM ingame.<\/p>\n<p>Prophet, Blade Dancer, Sword Singer, Elven Elder, Shilien Elder, Warcrayer, Overlord. D\u00e1le pak speci\u00e1ln\u00ed mo\u017enost\u00ed buff\u016f je Warlock, Elemental Summoner a Warsmith, kde dostav\u00e1te buffy od jejich buff summon\u016f. T\u011bchto 9 class\u016f je mo\u017en\u00e9 nam\u00edchat do unibuffera, podle p\u0159\u00e1n\u00ed a ka\u017ed\u00fd class zabere jeden slot.<\/p>\n<p>Nezbytn\u00e1 podm\u00ednka pro spojen\u00ed class\u016f do unibuffera je aby <strong>v\u0161echny classy m\u011bli LVL minim\u00e1ln\u011b 78 a summonersk\u00e9 classy a maestro minim\u00e1ln\u011b 76. <\/strong><\/p>\n<p>Spojen\u00ed se pak prov\u00e1d\u00ed p\u0159es aplikaci v player z\u00f3n\u011b, <a href=\"https:\/\/www.memorium.cz\/?page_id=165\"><strong>Unibuffer creator<\/strong><\/a><\/p>\n<p>Summonersk\u00e9 classy, Trpasl\u00edk a Forgotten scrolly v\u017edy u\u010d\u00ed jen GM ingame.<\/p>\n<p>PRAVIDLA PRO UNIBUFFERA:<\/p>\n<p>-Muze byt slozen z bufferu pocinaje 78 lvlem &#8211; s tim ze buffy na 79+ uz vas zpetne nenaucime.<br \/>\n-Forgotten skilly naucime, vymenou za Forgotten scroll a musite splnovat level na nauceni.<br \/>\n-Unibuffera je povoleno zabijet kdekoliv, kdykoliv<br \/>\n-Unibuffer se nesm\u00ed \u00fa\u010dastnit olympi\u00e1dy<br \/>\n-Unibuffer je vzdy CLERIC a je povoleno ho povy\u0161ovat pouze na Hierophanta<br \/>\n-ka\u017ed\u00fd unibuffer m\u00e1 automaticky status Nobless<\/p>\n","protected":false},"excerpt":{"rendered":"<p>Co je Unibuffer? Unibuffer je hern\u00ed postava, kter\u00e1 nese buffy classu kter\u00e9 si ur\u010d\u00ed h\u0159\u00e1c z dan\u00e9ho v\u00fdb\u011bru. Je ochuzena o healovac\u00ed schopnosti, recharge a debuffy, krom t\u011bch, kter\u00e9 vychazej\u00ed z jeho classu. Je to v\u017edy Human Cleric anebo Hierophant. P\u0159es webov\u00e9 rozhran\u00ed lze spojit max. 6. slot\u016f, pokud se bude unibuffer skl\u00e1dat z v\u00edce &hellip; <\/p>\n<p class=\"link-more\"><a href=\"https:\/\/www.memorium.cz\/?page_id=508\" class=\"more-link\">Pokra\u010dovat ve \u010dten\u00ed<span class=\"screen-reader-text\"> &#8222;Unibuffer&#8220;<\/span><\/a><\/p>\n","protected":false},"author":1666,"featured_media":0,"parent":2,"menu_order":0,"comment_status":"closed","ping_status":"closed","template":"","meta":{"footnotes":""},"class_list":["post-508","page","type-page","status-publish","hentry"],"_links":{"self":[{"href":"https:\/\/www.memorium.cz\/index.php?rest_route=\/wp\/v2\/pages\/508","targetHints":{"allow":["GET"]}}],"collection":[{"href":"https:\/\/www.memorium.cz\/index.php?rest_route=\/wp\/v2\/pages"}],"about":[{"href":"https:\/\/www.memorium.cz\/index.php?rest_route=\/wp\/v2\/types\/page"}],"author":[{"embeddable":true,"href":"https:\/\/www.memorium.cz\/index.php?rest_route=\/wp\/v2\/users\/1666"}],"replies":[{"embeddable":true,"href":"https:\/\/www.memorium.cz\/index.php?rest_route=%2Fwp%2Fv2%2Fcomments&post=508"}],"version-history":[{"count":11,"href":"https:\/\/www.memorium.cz\/index.php?rest_route=\/wp\/v2\/pages\/508\/revisions"}],"predecessor-version":[{"id":2550,"href":"https:\/\/www.memorium.cz\/index.php?rest_route=\/wp\/v2\/pages\/508\/revisions\/2550"}],"up":[{"embeddable":true,"href":"https:\/\/www.memorium.cz\/index.php?rest_route=\/wp\/v2\/pages\/2"}],"wp:attachment":[{"href":"https:\/\/www.memorium.cz\/index.php?rest_route=%2Fwp%2Fv2%2Fmedia&parent=508"}],"curies":[{"name":"wp","href":"https:\/\/api.w.org\/{rel}","templated":true}]}}