{"id":482,"date":"2011-02-19T16:56:06","date_gmt":"2011-02-19T15:56:06","guid":{"rendered":"http:\/\/www.memorium.cz\/beta\/?page_id=482"},"modified":"2018-12-03T22:56:41","modified_gmt":"2018-12-03T21:56:41","slug":"gm-a-kontakty","status":"publish","type":"page","link":"https:\/\/www.memorium.cz\/?page_id=482","title":{"rendered":"GM a kontakty"},"content":{"rendered":"<p>N\u00e1\u0161 GM t\u00fdm se skl\u00e1d\u00e1 z 3 \u010dlen\u016f:<\/p>\n<p>Aiden (aiden@memorium.cz) je administr\u00e1torem serveru<br \/>\nMoros (gm@memorium.cz) hlavn\u00ed GM a administr\u00e1tor<br \/>\nGubix (gubix@memorium.cz) GM<\/p>\n","protected":false},"excerpt":{"rendered":"<p>N\u00e1\u0161 GM t\u00fdm se skl\u00e1d\u00e1 z 3 \u010dlen\u016f: Aiden (aiden@memorium.cz) je administr\u00e1torem serveru Moros (gm@memorium.cz) hlavn\u00ed GM a administr\u00e1tor Gubix (gubix@memorium.cz) GM<\/p>\n","protected":false},"author":1666,"featured_media":0,"parent":2,"menu_order":0,"comment_status":"closed","ping_status":"closed","template":"","meta":{"footnotes":""},"class_list":["post-482","page","type-page","status-publish","hentry"],"_links":{"self":[{"href":"https:\/\/www.memorium.cz\/index.php?rest_route=\/wp\/v2\/pages\/482","targetHints":{"allow":["GET"]}}],"collection":[{"href":"https:\/\/www.memorium.cz\/index.php?rest_route=\/wp\/v2\/pages"}],"about":[{"href":"https:\/\/www.memorium.cz\/index.php?rest_route=\/wp\/v2\/types\/page"}],"author":[{"embeddable":true,"href":"https:\/\/www.memorium.cz\/index.php?rest_route=\/wp\/v2\/users\/1666"}],"replies":[{"embeddable":true,"href":"https:\/\/www.memorium.cz\/index.php?rest_route=%2Fwp%2Fv2%2Fcomments&post=482"}],"version-history":[{"count":15,"href":"https:\/\/www.memorium.cz\/index.php?rest_route=\/wp\/v2\/pages\/482\/revisions"}],"predecessor-version":[{"id":2450,"href":"https:\/\/www.memorium.cz\/index.php?rest_route=\/wp\/v2\/pages\/482\/revisions\/2450"}],"up":[{"embeddable":true,"href":"https:\/\/www.memorium.cz\/index.php?rest_route=\/wp\/v2\/pages\/2"}],"wp:attachment":[{"href":"https:\/\/www.memorium.cz\/index.php?rest_route=%2Fwp%2Fv2%2Fmedia&parent=482"}],"curies":[{"name":"wp","href":"https:\/\/api.w.org\/{rel}","templated":true}]}}