{"id":470,"date":"2011-02-19T16:40:18","date_gmt":"2011-02-19T15:40:18","guid":{"rendered":"http:\/\/www.memorium.cz\/beta\/?page_id=470"},"modified":"2017-07-15T13:45:31","modified_gmt":"2017-07-15T12:45:31","slug":"nastaveni-a-rate","status":"publish","type":"page","link":"https:\/\/www.memorium.cz\/?page_id=470","title":{"rendered":"Nastaven\u00ed a Rate"},"content":{"rendered":"<h3><strong><span style=\"font-size: 1.5em;\">Rate<\/span><\/strong><\/h3>\n<p><strong>EXP: 3 \u00a0\u00a0<\/strong><strong>SP:\u00a03 \u00a0\u00a0<\/strong><strong>Adena: 2 \u00a0\u00a0<\/strong><strong>Items: 3 \u00a0\u00a0<\/strong><strong>Spoil: 5<\/strong><\/p>\n<h2><strong>Hern\u00ed nastaven\u00ed:<\/strong><\/h2>\n<p>Save enchant 3x a na spojen\u00e9 brn\u011bn\u00ed 4x<\/p>\n<p>Do lvl 40, jsou porty po sv\u011bt\u011b u GK zdarma<\/p>\n<p>Maximum buff\u016f\/song\u016f, dance : 35\/15<\/p>\n<h5>Bankovn\u00ed syst\u00e9m<\/h5>\n<p>Plat\u00ed pravidlo, \u017ee jeden Golden Bar je 500.000.000 adena. Ulo\u017een\u00ed se prov\u00e1d\u00ed p\u0159\u00edkazem .deposit a p\u0159em\u011bna zp\u011bt je p\u0159\u00edkazem .withdraw<\/p>\n<p>&nbsp;<\/p>\n<p>F\u00f3rum<\/p>\n<p>Vote system<\/p>\n<p>Drop Calculator<\/p>\n<p>TeamSpeak<\/p>\n<p>Premium Account<\/p>\n<p>Unibuffer<\/p>\n<p>Crystalizer<\/p>\n<p>Certifikace subclassu<\/p>\n<p>Hellbound<\/p>\n<p>Freya<\/p>\n<p>Komletn\u00ed quest na 7S<br \/>\nSERVER NONSTOP 24 HODIN ON-LINE, POUZE AUTORESTART V 03:00<\/p>\n","protected":false},"excerpt":{"rendered":"<p>Rate EXP: 3 \u00a0\u00a0SP:\u00a03 \u00a0\u00a0Adena: 2 \u00a0\u00a0Items: 3 \u00a0\u00a0Spoil: 5 Hern\u00ed nastaven\u00ed: Save enchant 3x a na spojen\u00e9 brn\u011bn\u00ed 4x Do lvl 40, jsou porty po sv\u011bt\u011b u GK zdarma Maximum buff\u016f\/song\u016f, dance : 35\/15 Bankovn\u00ed syst\u00e9m Plat\u00ed pravidlo, \u017ee jeden Golden Bar je 500.000.000 adena. Ulo\u017een\u00ed se prov\u00e1d\u00ed p\u0159\u00edkazem .deposit a p\u0159em\u011bna zp\u011bt je &hellip; <\/p>\n<p class=\"link-more\"><a href=\"https:\/\/www.memorium.cz\/?page_id=470\" class=\"more-link\">Pokra\u010dovat ve \u010dten\u00ed<span class=\"screen-reader-text\"> &#8222;Nastaven\u00ed a Rate&#8220;<\/span><\/a><\/p>\n","protected":false},"author":1666,"featured_media":0,"parent":2,"menu_order":0,"comment_status":"closed","ping_status":"closed","template":"","meta":{"footnotes":""},"class_list":["post-470","page","type-page","status-publish","hentry"],"_links":{"self":[{"href":"https:\/\/www.memorium.cz\/index.php?rest_route=\/wp\/v2\/pages\/470","targetHints":{"allow":["GET"]}}],"collection":[{"href":"https:\/\/www.memorium.cz\/index.php?rest_route=\/wp\/v2\/pages"}],"about":[{"href":"https:\/\/www.memorium.cz\/index.php?rest_route=\/wp\/v2\/types\/page"}],"author":[{"embeddable":true,"href":"https:\/\/www.memorium.cz\/index.php?rest_route=\/wp\/v2\/users\/1666"}],"replies":[{"embeddable":true,"href":"https:\/\/www.memorium.cz\/index.php?rest_route=%2Fwp%2Fv2%2Fcomments&post=470"}],"version-history":[{"count":24,"href":"https:\/\/www.memorium.cz\/index.php?rest_route=\/wp\/v2\/pages\/470\/revisions"}],"predecessor-version":[{"id":2119,"href":"https:\/\/www.memorium.cz\/index.php?rest_route=\/wp\/v2\/pages\/470\/revisions\/2119"}],"up":[{"embeddable":true,"href":"https:\/\/www.memorium.cz\/index.php?rest_route=\/wp\/v2\/pages\/2"}],"wp:attachment":[{"href":"https:\/\/www.memorium.cz\/index.php?rest_route=%2Fwp%2Fv2%2Fmedia&parent=470"}],"curies":[{"name":"wp","href":"https:\/\/api.w.org\/{rel}","templated":true}]}}