{"id":2669,"date":"2021-12-28T23:42:46","date_gmt":"2021-12-28T22:42:46","guid":{"rendered":"https:\/\/www.memorium.cz\/?page_id=2669"},"modified":"2021-12-28T23:42:47","modified_gmt":"2021-12-28T22:42:47","slug":"grandboss-marshall","status":"publish","type":"page","link":"https:\/\/www.memorium.cz\/?page_id=2669","title":{"rendered":"GrandBoss Marshall"},"content":{"rendered":"\n<p>V logaci Garden of Eva, dole v tajn\u00e9 m\u00edstnosti s\u00eddl\u00ed nov\u00fd Boss. Jmenuje se Marshall, m\u00e1 lvl 85 a je agresivn\u00ed. Raid je velmi obt\u00ed\u017en\u00fd a je dimenzovan\u00fd na velmi aktivn\u00ed partu, optim\u00e1ln\u011b 2 a pln\u011b vyzbrojen\u00e9. Port od Moldera <strong>Gatekeeper -&gt; Town&#8217;s Areas -&gt; Heine -&gt; Garden of Eva basement<\/strong><\/p>\n\n\n\n<figure class=\"wp-block-image size-full is-resized is-style-default\"><a href=\"https:\/\/www.memorium.cz\/wp-content\/uploads\/2021\/12\/image-2.png\"><img loading=\"lazy\" decoding=\"async\" src=\"https:\/\/www.memorium.cz\/wp-content\/uploads\/2021\/12\/image-2.png\" alt=\"\" class=\"wp-image-2664\" width=\"348\" height=\"503\"\/><\/a><figcaption>Grand Boss Marshall (85)<\/figcaption><\/figure>\n\n\n\n<p>Marshall m\u00e1 zcela nov\u00e9 \u0161perky v dropu: Prsten, Nau\u0161nice a N\u00e1hrdeln\u00edk<\/p>\n\n\n\n<figure class=\"wp-block-image size-full\"><a href=\"https:\/\/www.memorium.cz\/wp-content\/uploads\/2021\/12\/image-3.png\"><img loading=\"lazy\" decoding=\"async\" width=\"303\" height=\"430\" src=\"https:\/\/www.memorium.cz\/wp-content\/uploads\/2021\/12\/image-3.png\" alt=\"\" class=\"wp-image-2665\"\/><\/a><figcaption>Ring of Prince<\/figcaption><\/figure>\n\n\n\n<figure class=\"wp-block-image size-full\"><a href=\"https:\/\/www.memorium.cz\/wp-content\/uploads\/2021\/12\/image-4.png\"><img loading=\"lazy\" decoding=\"async\" width=\"306\" height=\"468\" src=\"https:\/\/www.memorium.cz\/wp-content\/uploads\/2021\/12\/image-4.png\" alt=\"\" class=\"wp-image-2666\"\/><\/a><figcaption>Earring of Prince<\/figcaption><\/figure>\n\n\n\n<figure class=\"wp-block-image size-full\"><a href=\"https:\/\/www.memorium.cz\/wp-content\/uploads\/2021\/12\/image-5.png\"><img loading=\"lazy\" decoding=\"async\" width=\"302\" height=\"399\" src=\"https:\/\/www.memorium.cz\/wp-content\/uploads\/2021\/12\/image-5.png\" alt=\"\" class=\"wp-image-2667\"\/><\/a><figcaption>Necklance of Prince<\/figcaption><\/figure>\n","protected":false},"excerpt":{"rendered":"<p>V logaci Garden of Eva, dole v tajn\u00e9 m\u00edstnosti s\u00eddl\u00ed nov\u00fd Boss. Jmenuje se Marshall, m\u00e1 lvl 85 a je agresivn\u00ed. Raid je velmi obt\u00ed\u017en\u00fd a je dimenzovan\u00fd na velmi aktivn\u00ed partu, optim\u00e1ln\u011b 2 a pln\u011b vyzbrojen\u00e9. Port od Moldera Gatekeeper -&gt; Town&#8217;s Areas -&gt; Heine -&gt; Garden of Eva basement Marshall m\u00e1 zcela nov\u00e9 &hellip; <\/p>\n<p class=\"link-more\"><a href=\"https:\/\/www.memorium.cz\/?page_id=2669\" class=\"more-link\">Pokra\u010dovat ve \u010dten\u00ed<span class=\"screen-reader-text\"> &#8222;GrandBoss Marshall&#8220;<\/span><\/a><\/p>\n","protected":false},"author":1666,"featured_media":0,"parent":0,"menu_order":0,"comment_status":"closed","ping_status":"closed","template":"","meta":{"footnotes":""},"class_list":["post-2669","page","type-page","status-publish","hentry"],"_links":{"self":[{"href":"https:\/\/www.memorium.cz\/index.php?rest_route=\/wp\/v2\/pages\/2669","targetHints":{"allow":["GET"]}}],"collection":[{"href":"https:\/\/www.memorium.cz\/index.php?rest_route=\/wp\/v2\/pages"}],"about":[{"href":"https:\/\/www.memorium.cz\/index.php?rest_route=\/wp\/v2\/types\/page"}],"author":[{"embeddable":true,"href":"https:\/\/www.memorium.cz\/index.php?rest_route=\/wp\/v2\/users\/1666"}],"replies":[{"embeddable":true,"href":"https:\/\/www.memorium.cz\/index.php?rest_route=%2Fwp%2Fv2%2Fcomments&post=2669"}],"version-history":[{"count":1,"href":"https:\/\/www.memorium.cz\/index.php?rest_route=\/wp\/v2\/pages\/2669\/revisions"}],"predecessor-version":[{"id":2670,"href":"https:\/\/www.memorium.cz\/index.php?rest_route=\/wp\/v2\/pages\/2669\/revisions\/2670"}],"wp:attachment":[{"href":"https:\/\/www.memorium.cz\/index.php?rest_route=%2Fwp%2Fv2%2Fmedia&parent=2669"}],"curies":[{"name":"wp","href":"https:\/\/api.w.org\/{rel}","templated":true}]}}