{"id":2257,"date":"2017-12-09T23:32:24","date_gmt":"2017-12-09T22:32:24","guid":{"rendered":"http:\/\/www.memorium.cz\/?page_id=2257"},"modified":"2017-12-09T23:45:03","modified_gmt":"2017-12-09T22:45:03","slug":"vymena-reklamy","status":"publish","type":"page","link":"https:\/\/www.memorium.cz\/?page_id=2257","title":{"rendered":"V\u00fdm\u011bna reklamy"},"content":{"rendered":"<p>Pokud m\u00e1te z\u00e1jem o vz\u00e1jemnou v\u00fdm\u011bnu reklamy, kontaktuje n\u00e1s pros\u00edm na n\u00e1sleduj\u00edc\u00edch emailov\u00fdch adres\u00e1ch:<\/p>\n<ul>\n<li>moros@memorium.cz<\/li>\n<li>aiden@memorium.cz<\/li>\n<\/ul>\n<p>V p\u0159\u00edpad\u011b \u017ee chcete jen p\u0159idat n\u00e1\u0161 banner na Va\u0161e str\u00e1nky, pou\u017eijte pros\u00edm k\u00f3d n\u00ed\u017ee:<\/p>\n<blockquote><p>&lt;a href=&#8220;https:\/\/www.memorium.cz\/&#8220; target=&#8220;_blank&#8220;&gt;<br \/>\n&lt;img src=&#8220;https:\/\/www.memorium.cz\/files\/banner.gif&#8220; border=0&gt;&lt;\/a&gt;<\/p><\/blockquote>\n<p><a href=\"https:\/\/www.memorium.cz\/wp-content\/uploads\/2017\/12\/banner.gif\"><img loading=\"lazy\" decoding=\"async\" class=\"aligncenter size-full wp-image-2262\" src=\"https:\/\/www.memorium.cz\/wp-content\/uploads\/2017\/12\/banner.gif\" alt=\"\" width=\"234\" height=\"30\" \/><\/a><\/p>\n<p>&nbsp;<\/p>\n","protected":false},"excerpt":{"rendered":"<p>Pokud m\u00e1te z\u00e1jem o vz\u00e1jemnou v\u00fdm\u011bnu reklamy, kontaktuje n\u00e1s pros\u00edm na n\u00e1sleduj\u00edc\u00edch emailov\u00fdch adres\u00e1ch: moros@memorium.cz aiden@memorium.cz V p\u0159\u00edpad\u011b \u017ee chcete jen p\u0159idat n\u00e1\u0161 banner na Va\u0161e str\u00e1nky, pou\u017eijte pros\u00edm k\u00f3d n\u00ed\u017ee: &lt;a href=&#8220;https:\/\/www.memorium.cz\/&#8220; target=&#8220;_blank&#8220;&gt; &lt;img src=&#8220;https:\/\/www.memorium.cz\/files\/banner.gif&#8220; border=0&gt;&lt;\/a&gt; &nbsp;<\/p>\n","protected":false},"author":2,"featured_media":0,"parent":2,"menu_order":0,"comment_status":"closed","ping_status":"closed","template":"","meta":{"footnotes":""},"class_list":["post-2257","page","type-page","status-publish","hentry"],"_links":{"self":[{"href":"https:\/\/www.memorium.cz\/index.php?rest_route=\/wp\/v2\/pages\/2257","targetHints":{"allow":["GET"]}}],"collection":[{"href":"https:\/\/www.memorium.cz\/index.php?rest_route=\/wp\/v2\/pages"}],"about":[{"href":"https:\/\/www.memorium.cz\/index.php?rest_route=\/wp\/v2\/types\/page"}],"author":[{"embeddable":true,"href":"https:\/\/www.memorium.cz\/index.php?rest_route=\/wp\/v2\/users\/2"}],"replies":[{"embeddable":true,"href":"https:\/\/www.memorium.cz\/index.php?rest_route=%2Fwp%2Fv2%2Fcomments&post=2257"}],"version-history":[{"count":10,"href":"https:\/\/www.memorium.cz\/index.php?rest_route=\/wp\/v2\/pages\/2257\/revisions"}],"predecessor-version":[{"id":2269,"href":"https:\/\/www.memorium.cz\/index.php?rest_route=\/wp\/v2\/pages\/2257\/revisions\/2269"}],"up":[{"embeddable":true,"href":"https:\/\/www.memorium.cz\/index.php?rest_route=\/wp\/v2\/pages\/2"}],"wp:attachment":[{"href":"https:\/\/www.memorium.cz\/index.php?rest_route=%2Fwp%2Fv2%2Fmedia&parent=2257"}],"curies":[{"name":"wp","href":"https:\/\/api.w.org\/{rel}","templated":true}]}}