{"id":204,"date":"2011-02-18T12:54:49","date_gmt":"2011-02-18T11:54:49","guid":{"rendered":"http:\/\/www.memorium.cz\/beta\/?page_id=204"},"modified":"2019-11-16T18:02:05","modified_gmt":"2019-11-16T17:02:05","slug":"jak-se-pripojit","status":"publish","type":"page","link":"https:\/\/www.memorium.cz\/?page_id=204","title":{"rendered":"Jak se p\u0159ipojit"},"content":{"rendered":"<p>Registrace nov\u00fdch account\u016f se prov\u00e1d\u00ed v menu Hr\u00e1\u010dsk\u00e1 z\u00f3na -&gt; <a href=\"https:\/\/www.memorium.cz\/?page_id=2014\">Account Manager &#8211; Registrace<\/a><\/p>\n<p>1) Pokud nem\u00e1te sta\u017een\u00e9ho klienta Lineage 2 &#8211; High Five, st\u00e1hn\u011bte si ho, p\u0159\u00edpadn\u011b po\u017eijte n\u00ed\u017ee uveden\u00e9 linky.<\/p>\n<p><a title=\"Computer Games - Direct download\" href=\"http:\/\/www.lineage2.org.uk\/download\/lineage-high-five-client\/\">Direct download 1<\/a><\/p>\n<p><a href=\"https:\/\/drive.google.com\/uc?id=1SLRm3gTGXLxAuQVBbRQ0ns6ycmST7azQ\">Direct download 2<\/a><\/p>\n<p>2) Nainstalujte si ho a pozna\u010dte si instala\u010dn\u00ed cestu, nap\u0159: &#8222;C:\\Program Files\\NC Soft\\Lineage II&#8220;<\/p>\n<h2>MEMORIUM Launcher (ML) &#8211; STABLE<\/h2>\n<p>Memorium Launcher V\u00e1m zajist\u00ed v\u017edy aktu\u00e1ln\u00ed verzi syst\u00e9mu v\u010detn\u011b v\u0161ech oprav, bez nutnosti ru\u010dn\u00edch kontrol.<\/p>\n<p>Postup jeho instalace je velice jednoduch\u00fd:<\/p>\n<ol>\n<li>Zde si st\u00e1hnete <a href=\"https:\/\/www.memorium.cz\/files\/MemoriumLauncher.zip\">Memorium Launcher<\/a><\/li>\n<li>N\u00e1sledn\u011b jej nahrajete do Va\u0161\u00ed slo\u017eky s hrou (nej\u010dast\u011bji C:\\PROGRAM FILES\\NCSOFT\\LINEAGE II) &#8211; ne tedy do slo\u017eky syst\u00e9m, ale do hlavn\u00ed slo\u017eky hry.<\/li>\n<li>Vytvo\u0159te si na plochu z\u00e1stupce pro soubor MemoriumLauncher.exe, a p\u0159es tento hru spou\u0161t\u011bjte<\/li>\n<\/ol>\n<p>Launcher v\u017edy ov\u011b\u0159\u00ed integritu a posledn\u00ed verzi soubor\u016f, a v p\u0159\u00edpad\u011b nutnosti jej rovnou st\u00e1hne.<\/p>\n<p>Tak\u00e9 V\u00e1s upozorn\u00ed na p\u0159\u00edpadn\u00e9 novinky, kter\u00e9 by V\u00e1m mohli na webu uj\u00edt.<\/p>\n<p>Ve <strong>Windows<\/strong> je pak vy\u017eadov\u00e1no spou\u0161t\u011bn\u00ed s <strong>Opr\u00e1vn\u011bn\u00edm spr\u00e1vce<\/strong>.<\/p>\n<p>4) Pokud nem\u00e1te vytvo\u0159en\u00fd hern\u00ed \u00fa\u010det, je to mo\u017en\u00e9 prov\u00e9zt na n\u00ed\u017ee uveden\u00e9 adrese:\u00a0<a href=\"https:\/\/www.memorium.cz\/?page_id=2014\">https:\/\/www.memorium.cz\/?page_id=2014<\/a><\/p>\n<h2>MEMORIUM Launcher (ML) &#8211; BETA<\/h2>\n<p>V p\u0159\u00edpad\u011b \u017ee si chcete vyzkou\u0161et nov\u00fd launcher, prove\u010fte nahrazen\u00ed st\u00e1vaj\u00edc\u00edho launcheru, t\u00edmto: <a href=\"https:\/\/www.memorium.cz\/files\/MemoriumLauncherBeta.zip\">Memorium Launcher Beta<\/a>, a spus\u0165te jej jako obvykle.<\/p>\n<p><strong><span style=\"color: #ff0000;\">POZOR !!! &#8211; Pokud se budete cht\u00edt vr\u00e1tit ke p\u016fvodn\u00edmu klientovi a launcheru, je nutn\u00e9 smazat celou slo\u017eku klienta, a na\u010disto jej nainstalovat\/obnovit, p\u0159ed instalac\u00ed si tedy p\u0159\u00edpadn\u011b klienta cel\u00e9ho z\u00e1lohujte.<\/span><\/strong><\/p>\n<p>Po prvn\u00ed instalaci je nutn\u00e9 si roz\u0161\u00ed\u0159en\u00ed povolit v nastaven\u00ed:<\/p>\n<p><a href=\"https:\/\/www.memorium.cz\/wp-content\/uploads\/2019\/11\/Bez-n\u00e1zvu.png\"><img loading=\"lazy\" decoding=\"async\" class=\"alignright size-full wp-image-2544\" src=\"https:\/\/www.memorium.cz\/wp-content\/uploads\/2019\/11\/Bez-n\u00e1zvu.png\" alt=\"\" width=\"2427\" height=\"1217\" \/><\/a><\/p>\n<p>Nov\u00e1 verze klienta obsahuje n\u00e1sleduj\u00edc\u00ed <a href=\"https:\/\/memorium.cz\/MemoriumLauncher\/betalauncherwww\/\">vylep\u0161en\u00ed.<\/a><\/p>\n<p><span style=\"font-size: inherit;\">____________________________________________________________________________<\/span><\/p>\n<p>* Pokud pot\u0159ebujete pouze \u010dist\u00fd syst\u00e9m s GameGuard Killerem a unicode chatem, lze jej st\u00e1hnout zde:<\/p>\n<p><a title=\"https:\/\/www.memorium.cz\/files\/system.rar\" href=\"https:\/\/www.memorium.cz\/files\/system.rar\">https:\/\/www.memorium.cz\/files\/system.rar<\/a><\/p>\n<p>Budeme se na V\u00e1s t\u011b\u0161it ve h\u0159e.<\/p>\n<p>GM Team<\/p>\n","protected":false},"excerpt":{"rendered":"<p>Registrace nov\u00fdch account\u016f se prov\u00e1d\u00ed v menu Hr\u00e1\u010dsk\u00e1 z\u00f3na -&gt; Account Manager &#8211; Registrace 1) Pokud nem\u00e1te sta\u017een\u00e9ho klienta Lineage 2 &#8211; High Five, st\u00e1hn\u011bte si ho, p\u0159\u00edpadn\u011b po\u017eijte n\u00ed\u017ee uveden\u00e9 linky. Direct download 1 Direct download 2 2) Nainstalujte si ho a pozna\u010dte si instala\u010dn\u00ed cestu, nap\u0159: &#8222;C:\\Program Files\\NC Soft\\Lineage II&#8220; MEMORIUM Launcher (ML) &hellip; <\/p>\n<p class=\"link-more\"><a href=\"https:\/\/www.memorium.cz\/?page_id=204\" class=\"more-link\">Pokra\u010dovat ve \u010dten\u00ed<span class=\"screen-reader-text\"> &#8222;Jak se p\u0159ipojit&#8220;<\/span><\/a><\/p>\n","protected":false},"author":1666,"featured_media":0,"parent":0,"menu_order":2,"comment_status":"closed","ping_status":"closed","template":"","meta":{"footnotes":""},"class_list":["post-204","page","type-page","status-publish","hentry"],"_links":{"self":[{"href":"https:\/\/www.memorium.cz\/index.php?rest_route=\/wp\/v2\/pages\/204","targetHints":{"allow":["GET"]}}],"collection":[{"href":"https:\/\/www.memorium.cz\/index.php?rest_route=\/wp\/v2\/pages"}],"about":[{"href":"https:\/\/www.memorium.cz\/index.php?rest_route=\/wp\/v2\/types\/page"}],"author":[{"embeddable":true,"href":"https:\/\/www.memorium.cz\/index.php?rest_route=\/wp\/v2\/users\/1666"}],"replies":[{"embeddable":true,"href":"https:\/\/www.memorium.cz\/index.php?rest_route=%2Fwp%2Fv2%2Fcomments&post=204"}],"version-history":[{"count":79,"href":"https:\/\/www.memorium.cz\/index.php?rest_route=\/wp\/v2\/pages\/204\/revisions"}],"predecessor-version":[{"id":2546,"href":"https:\/\/www.memorium.cz\/index.php?rest_route=\/wp\/v2\/pages\/204\/revisions\/2546"}],"wp:attachment":[{"href":"https:\/\/www.memorium.cz\/index.php?rest_route=%2Fwp%2Fv2%2Fmedia&parent=204"}],"curies":[{"name":"wp","href":"https:\/\/api.w.org\/{rel}","templated":true}]}}