{"id":2014,"date":"2017-01-13T09:18:45","date_gmt":"2017-01-13T08:18:45","guid":{"rendered":"http:\/\/www.memorium.cz\/?page_id=2014"},"modified":"2021-07-28T18:37:45","modified_gmt":"2021-07-28T17:37:45","slug":"account-manager-2","status":"publish","type":"page","link":"https:\/\/www.memorium.cz\/?page_id=2014","title":{"rendered":"Account Manager"},"content":{"rendered":"<center><img loading=\"lazy\" decoding=\"async\" src=\"\/module\/acm\/lineage2_kamael_character-select-screen.jpg\" width=\"450\" height=\"350\"><\/center>\r\n<CENTER>Account Manager<\/CENTER>\r\n<BR>\r\n<CENTER>\r\n<script>\r\nfunction openWin() {\r\n    window.open(\"http:\/\/www.memorium.cz\/?page_id=2074\");\r\n}\r\n<\/script>\r\n<\/head>\r\n <BR>\r\n<body>\r\n<form>\r\n<input type=\"submit\" value=\"Vytvo\u0159it novou registraci\" onclick=\"openWin()\">\r\n<\/form>\r\n<BR>\r\n\r\n<script>\r\nfunction openWin2() {\r\n    window.open(\"http:\/\/www.memorium.cz\/?page_id=2026\");\r\n}\r\n<\/script>\r\n<\/head>\r\n\r\n<body>\r\n<form>\r\n<input type=\"submit\" value=\"Znovuzaslat verifika\u010dn\u00ed k\u00f3d\" onclick=\"openWin2()\">\r\n<\/form>\r\n<BR>\r\n\r\n<script>\r\nfunction openWin4() {\r\n    window.open(\"http:\/\/www.memorium.cz\/?page_id=2022\");\r\n}\r\n<\/script>\r\n<\/head>\r\n\r\n<body>\r\n<form>\r\n<input type=\"submit\" value=\"Potvrdit verifika\u010dn\u00ed k\u00f3d\" onclick=\"openWin4()\">\r\n<\/form>\r\n\r\n<script>\r\nfunction openWin3() {\r\n    window.open(\"http:\/\/www.memorium.cz\/?page_id=2071\");\r\n}\r\n<\/script>\r\n<\/head>\r\n <BR>\r\n<body>\r\n<form>\r\n<input type=\"submit\" value=\"Obnovit heslo\" onclick=\"openWin3()\">\r\n<\/form>\r\n<\/CENTER>\r\n\r\n\r\n\r\n\n","protected":false},"excerpt":{"rendered":"","protected":false},"author":2,"featured_media":0,"parent":147,"menu_order":0,"comment_status":"closed","ping_status":"closed","template":"","meta":{"footnotes":""},"class_list":["post-2014","page","type-page","status-publish","hentry"],"_links":{"self":[{"href":"https:\/\/www.memorium.cz\/index.php?rest_route=\/wp\/v2\/pages\/2014","targetHints":{"allow":["GET"]}}],"collection":[{"href":"https:\/\/www.memorium.cz\/index.php?rest_route=\/wp\/v2\/pages"}],"about":[{"href":"https:\/\/www.memorium.cz\/index.php?rest_route=\/wp\/v2\/types\/page"}],"author":[{"embeddable":true,"href":"https:\/\/www.memorium.cz\/index.php?rest_route=\/wp\/v2\/users\/2"}],"replies":[{"embeddable":true,"href":"https:\/\/www.memorium.cz\/index.php?rest_route=%2Fwp%2Fv2%2Fcomments&post=2014"}],"version-history":[{"count":20,"href":"https:\/\/www.memorium.cz\/index.php?rest_route=\/wp\/v2\/pages\/2014\/revisions"}],"predecessor-version":[{"id":2640,"href":"https:\/\/www.memorium.cz\/index.php?rest_route=\/wp\/v2\/pages\/2014\/revisions\/2640"}],"up":[{"embeddable":true,"href":"https:\/\/www.memorium.cz\/index.php?rest_route=\/wp\/v2\/pages\/147"}],"wp:attachment":[{"href":"https:\/\/www.memorium.cz\/index.php?rest_route=%2Fwp%2Fv2%2Fmedia&parent=2014"}],"curies":[{"name":"wp","href":"https:\/\/api.w.org\/{rel}","templated":true}]}}