{"id":1948,"date":"2016-08-30T20:11:15","date_gmt":"2016-08-30T19:11:15","guid":{"rendered":"http:\/\/www.memorium.cz\/?page_id=1948"},"modified":"2016-08-30T20:11:41","modified_gmt":"2016-08-30T19:11:41","slug":"custom-shadow-item-remaing-time","status":"publish","type":"page","link":"https:\/\/www.memorium.cz\/?page_id=1948","title":{"rendered":"Custom Shadow Item Remaing Time"},"content":{"rendered":"<center><img loading=\"lazy\" decoding=\"async\" src=\"module\/wings.jpg\" width=\"300\" height=\"200\"><\/center>\r\n<form action=\"module\/shadow_item.php\">\r\n<CENTER>Custom Shadow Item Remaing Time<\/CENTER>\r\n<BR>\r\n<CENTER>Po vypln\u011bn\u00ed dotazu, se zobraz\u00ed aktu\u00e1ln\u00ed z\u016fstatek \u010dasu u custom shadow item\u016f.<\/CENTER>\r\n<font color=\"#FF0000\"><CENTER>!!! Pozor, \u010das se aktualizuje a\u017e po sund\u00e1n\u00ed itemu, nebo odlogov\u00e1n\u00ed !!!<\/CENTER><\/font>\r\n\r\n<BR>\r\n<CENTER>N\u00e1zev accountu: <input type=\"text\" name=\"acc\" value=\"\" \/>\r\n<BR>\r\nJm\u00e9no postavy: <input type=\"text\" name=\"player\" value=\"\" \/>\r\n<BR>\r\nHeslo: <input type=\"password\" name=\"pass\" value=\"\" \/><\/CENTER>\r\n\r\n\r\n<BR>\r\n<CENTER><input type=submit value=\"Status\"><\/CENTER>\r\n<\/form>\r\n\r\n\n","protected":false},"excerpt":{"rendered":"","protected":false},"author":2,"featured_media":0,"parent":147,"menu_order":0,"comment_status":"closed","ping_status":"closed","template":"","meta":{"footnotes":""},"class_list":["post-1948","page","type-page","status-publish","hentry"],"_links":{"self":[{"href":"https:\/\/www.memorium.cz\/index.php?rest_route=\/wp\/v2\/pages\/1948","targetHints":{"allow":["GET"]}}],"collection":[{"href":"https:\/\/www.memorium.cz\/index.php?rest_route=\/wp\/v2\/pages"}],"about":[{"href":"https:\/\/www.memorium.cz\/index.php?rest_route=\/wp\/v2\/types\/page"}],"author":[{"embeddable":true,"href":"https:\/\/www.memorium.cz\/index.php?rest_route=\/wp\/v2\/users\/2"}],"replies":[{"embeddable":true,"href":"https:\/\/www.memorium.cz\/index.php?rest_route=%2Fwp%2Fv2%2Fcomments&post=1948"}],"version-history":[{"count":2,"href":"https:\/\/www.memorium.cz\/index.php?rest_route=\/wp\/v2\/pages\/1948\/revisions"}],"predecessor-version":[{"id":1950,"href":"https:\/\/www.memorium.cz\/index.php?rest_route=\/wp\/v2\/pages\/1948\/revisions\/1950"}],"up":[{"embeddable":true,"href":"https:\/\/www.memorium.cz\/index.php?rest_route=\/wp\/v2\/pages\/147"}],"wp:attachment":[{"href":"https:\/\/www.memorium.cz\/index.php?rest_route=%2Fwp%2Fv2%2Fmedia&parent=1948"}],"curies":[{"name":"wp","href":"https:\/\/api.w.org\/{rel}","templated":true}]}}