{"id":165,"date":"2011-02-18T12:18:22","date_gmt":"2011-02-18T11:18:22","guid":{"rendered":"http:\/\/www.memorium.cz\/beta\/?page_id=165"},"modified":"2017-01-14T16:29:51","modified_gmt":"2017-01-14T15:29:51","slug":"automatic-unibuffer-creator","status":"publish","type":"page","link":"https:\/\/www.memorium.cz\/?page_id=165","title":{"rendered":"Automatic Unibuffer Creator"},"content":{"rendered":"<center><img loading=\"lazy\" decoding=\"async\" src=\"module\/unibuffer.jpg\" width=\"450\" height=\"350\"><\/center>\r\n<form action=\"module\/auto_unibuffer.php\">\r\n <CENTER>Automatic Unibuffer Creator<\/CENTER>\r\n<CENTER>Spoj\u00edm ti tv\u00e9 postavy do Unibuffera<\/CENTER>\r\n<CENTER>Jsem kouzeln\u00edkem sv\u00e9 doby...<\/CENTER><hr>\r\n<CENTER>Povolen\u00e9 classy <\/CENTER><hr>\r\n<center>Prophet, Hierophant, Elven Elder, Eva's Saint, Shillien Elder<\/center>\r\n<center>Shillien Saint, Bladedancer, Sword Muse, Sword Singer<\/center>\r\n<center>Warcryer, Doom Cryer, Overlord, Dominator<\/center><hr>\r\n<center><font color=\"#FF0000\">Unibuffer s classem Elemental Master nebo Warlock je vytv\u00e1\u0159en za pomoci GM InGame<\/center><\/font><hr>\r\n<CENTER><font color=\"#FF0000\">Unibuffer pomoc\u00ed subclassu je vytv\u00e1\u0159en za pomoci GM InGame<\/font><\/CENTER><hr>\r\n<CENTER>Character 2-5 bude delevelov\u00e1n na LV 1 a jeho z\u00e1kladn\u00ed class <\/CENTER>\r\n<CENTER>Povolen\u00fd po\u010det Charackter\u016f do unibuffera je 2-6<\/CENTER>\r\n<CENTER>Minim\u00e1ln\u00ed level do unibuffera je 78<\/CENTER>\r\n<CENTER><font color=\"#FF0000\">Characktery mus\u00ed b\u00fdt offline<\/font><\/CENTER>\r\n<CENTER>Class unibuffera bude nastaven na Human Cleric<\/CENTER><hr><br><br>\r\n\r\n\r\n<hr>\r\n<CENTER><font color=\"#FF0000\">Charackter 1 se stane Unibufferem<\/font><\/CENTER><hr>\r\n<CENTER>N\u00e1zev ACC 1: <input type=\"text\" name=\"acc\" value=\"\" \/> <\/CENTER>\r\n<CENTER>Charackter 1: <input type=\"text\" name=\"uni1\" value=\"\" \/><\/CENTER>\r\n<CENTER>Heslo ACC 1: <input type=\"password\" name=\"pass\" value=\"\" \/><\/CENTER>\r\n<hr>\r\n<CENTER>N\u00e1zev ACC 2: <input type=\"text\" name=\"acc2\" value=\"\" \/> <\/CENTER>\r\n<CENTER>Charackter 2: <input type=\"text\" name=\"uni2\" value=\"\" \/><\/CENTER>\r\n<CENTER>Heslo ACC 2: <input type=\"password\" name=\"pass2\" value=\"\" \/><\/CENTER>\r\n<hr>\r\n<CENTER>N\u00e1zev ACC 3: <input type=\"text\" name=\"acc3\" value=\"\" \/> <\/CENTER>\r\n<CENTER>Charackter 3: <input type=\"text\" name=\"uni3\" value=\"\" \/><\/CENTER>\r\n<CENTER>Heslo ACC 3: <input type=\"password\" name=\"pass3\" value=\"\" \/><\/CENTER>\r\n<hr>\r\n<CENTER>N\u00e1zev ACC 4: <input type=\"text\" name=\"acc4\" value=\"\" \/> <\/CENTER>\r\n<CENTER>Charackter 4: <input type=\"text\" name=\"uni4\" value=\"\" \/><\/CENTER>\r\n<CENTER>Heslo ACC 4: <input type=\"password\" name=\"pass4\" value=\"\" \/><\/CENTER>\r\n<hr>\r\n<CENTER>N\u00e1zev ACC 5: <input type=\"text\" name=\"acc5\" value=\"\" \/> <\/CENTER>\r\n<CENTER>Charackter 5: <input type=\"text\" name=\"uni5\" value=\"\" \/><\/CENTER>\r\n<CENTER>Heslo ACC 5: <input type=\"password\" name=\"pass5\" value=\"\" \/><\/CENTER>\r\n<hr>\r\n<CENTER>N\u00e1zev ACC 6: <input type=\"text\" name=\"acc6\" value=\"\" \/> <\/CENTER>\r\n<CENTER>Charackter 6: <input type=\"text\" name=\"uni6\" value=\"\" \/><\/CENTER>\r\n<CENTER>Heslo ACC 6: <input type=\"password\" name=\"pass6\" value=\"\" \/><\/CENTER>\r\n<hr><BR>\r\n<CENTER><input type=submit value=\"Vytvo\u0159 mi unibuffera\"><\/CENTER>\r\n<\/form>\n","protected":false},"excerpt":{"rendered":"","protected":false},"author":1666,"featured_media":0,"parent":147,"menu_order":0,"comment_status":"closed","ping_status":"closed","template":"","meta":{"footnotes":""},"class_list":["post-165","page","type-page","status-publish","hentry"],"_links":{"self":[{"href":"https:\/\/www.memorium.cz\/index.php?rest_route=\/wp\/v2\/pages\/165","targetHints":{"allow":["GET"]}}],"collection":[{"href":"https:\/\/www.memorium.cz\/index.php?rest_route=\/wp\/v2\/pages"}],"about":[{"href":"https:\/\/www.memorium.cz\/index.php?rest_route=\/wp\/v2\/types\/page"}],"author":[{"embeddable":true,"href":"https:\/\/www.memorium.cz\/index.php?rest_route=\/wp\/v2\/users\/1666"}],"replies":[{"embeddable":true,"href":"https:\/\/www.memorium.cz\/index.php?rest_route=%2Fwp%2Fv2%2Fcomments&post=165"}],"version-history":[{"count":2,"href":"https:\/\/www.memorium.cz\/index.php?rest_route=\/wp\/v2\/pages\/165\/revisions"}],"predecessor-version":[{"id":397,"href":"https:\/\/www.memorium.cz\/index.php?rest_route=\/wp\/v2\/pages\/165\/revisions\/397"}],"up":[{"embeddable":true,"href":"https:\/\/www.memorium.cz\/index.php?rest_route=\/wp\/v2\/pages\/147"}],"wp:attachment":[{"href":"https:\/\/www.memorium.cz\/index.php?rest_route=%2Fwp%2Fv2%2Fmedia&parent=165"}],"curies":[{"name":"wp","href":"https:\/\/api.w.org\/{rel}","templated":true}]}}