{"id":1607,"date":"2014-01-30T23:04:39","date_gmt":"2014-01-30T22:04:39","guid":{"rendered":"http:\/\/www.memorium.cz\/?page_id=1607"},"modified":"2020-02-20T21:35:28","modified_gmt":"2020-02-20T20:35:28","slug":"nabijeni-sc","status":"publish","type":"page","link":"https:\/\/www.memorium.cz\/?page_id=1607","title":{"rendered":"Nab\u00edjen\u00ed SC"},"content":{"rendered":"<p>Tento p\u0159ehled je p\u0159\u00edm\u00edm extraktem z nastaven\u00ed serveru. Jsou zde vid\u011bt \u0161ance a nab\u00edjen\u00ed SC od lvl 15 a v\u00fd\u0161e<\/p>\n<p>Zaken<br \/>\n\u0161ance(%) &#8222;100&#8220; Target=&#8220;FULL_PARTY&#8220; , pro LVL=&#8220;10, 11&#8243;<br \/>\n\u0161ance(%) &#8222;10&#8220; Target=&#8220;FULL_PARTY&#8220;, pro LVL=&#8220;12, 13&#8243;<\/p>\n<p>Daytime Zaken<br \/>\n\u0161ance(%) &#8222;10&#8220; Target=&#8220;PARTY_ONE_RANDOM&#8220;, pro LVL =&#8220;10, 11&#8243;<\/p>\n<p>Night-time Zaken<br \/>\n\u0161ance(%) &#8222;20&#8220; Target=&#8220;PARTY_ONE_RANDOM&#8220; pro LVL=&#8220;12, 13&#8243;<br \/>\n\u0161ance(%) &#8222;10&#8220; Target=&#8220;PARTY_ONE_RANDOM&#8220; pro LVL=&#8220;14, 15&#8243;<br \/>\n\u0161ance(%) &#8222;3&#8220; Target=&#8220;PARTY_ONE_RANDOM&#8220; pro LVL=&#8220;16&#8243;<\/p>\n<p>Ekimus<br \/>\n\u0161ance(%)&#8220;10&#8243; Target: &#8222;FULL_PARTY&#8220; , pro LVL:&#8220;12, 13, 14, 15&#8243;<br \/>\n\u0161ance(%)&#8220;3&#8243; Target: &#8222;FULL_PARTY&#8220; , pro LVL:&#8220;16&#8243;<\/p>\n<p>Tiat Attack stage<br \/>\n\u0161ance(%)&#8220;10&#8243; Target: &#8222;FULL_PARTY&#8220; , pro LVL:&#8220;12, 13, 14, 15&#8243;<br \/>\n\u0161ance(%)&#8220;3&#8243; Target: &#8222;FULL_PARTY&#8220; , pro LVL:&#8220;16&#8243;<\/p>\n<p>Beleth<br \/>\n\u0161ance(%)&#8220;10&#8243; Target: &#8222;FULL_PARTY&#8220; , pro LVL:&#8220;12, 13, 14, 15&#8243;<br \/>\n\u0161ance(%)&#8220;1&#8243; Target: &#8222;FULL_PARTY&#8220; , pro LVL:&#8220;16&#8243;<\/p>\n<p>Darion<br \/>\n\u0161ance(%)&#8220;3&#8243; Target: &#8222;PARTY_ONE_RANDOM&#8220; , pro LVL:&#8220;15&#8243;<\/p>\n<p>Queen Shyeed<br \/>\n\u0161ance(%)&#8220;3&#8243; Target: &#8222;PARTY_ONE_RANDOM&#8220; , pro LVL:&#8220;15&#8243;<\/p>\n<p>Darnel<br \/>\n\u0161ance(%)&#8220;1&#8243; Target: &#8222;PARTY_ONE_RANDOM&#8220; , pro LVL:&#8220;12, 13, 14, 15&#8243;<\/p>\n<p>Kechi<br \/>\n\u0161ance(%)&#8220;1&#8243; Target: &#8222;PARTY_ONE_RANDOM&#8220; , pro LVL:&#8220;12, 13, 14, 15&#8243;<\/p>\n<p>Tears<br \/>\n\u0161ance(%)&#8220;1&#8243; Target: &#8222;PARTY_ONE_RANDOM&#8220; , pro LVL:&#8220;12, 13, 14, 15&#8243;<\/p>\n<p>Taklacan<br \/>\n\u0161ance(%)&#8220;3&#8243; Target: &#8222;PARTY_ONE_RANDOM&#8220; , pro LVL:&#8220;15&#8243;<\/p>\n<p>Dopagen<br \/>\n\u0161ance(%)&#8220;3&#8243; Target: &#8222;PARTY_ONE_RANDOM&#8220; , pro LVL:&#8220;15&#8243;<\/p>\n<p>Baylor<br \/>\n\u0161ance(%)&#8220;1&#8243; Target: &#8222;PARTY_ONE_RANDOM&#8220; , pro LVL:&#8220;12, 13, 14, 15, 16&#8243;<\/p>\n<p>Scarlet van Halisha<br \/>\n\u0161ance(%)&#8220;10&#8243; Target: &#8222;FULL_PARTY&#8220; , pro LVL:&#8220;15&#8243;<\/p>\n<p>Freya Normal Mode<br \/>\n\u0161ance(%)&#8220;10&#8243; Target: &#8222;FULL_PARTY&#8220; , pro LVL:&#8220;15&#8243;<\/p>\n<p>Freya Extreme Mode<br \/>\n\u0161ance(%)&#8220;100&#8243; Target: &#8222;FULL_PARTY&#8220; , pro LVL:&#8220;12, 13, 14, 15&#8243;<br \/>\n\u0161ance(%)&#8220;50&#8243; Target: &#8222;FULL_PARTY&#8220; , pro LVL:&#8220;16, 17&#8243;<br \/>\n\u0161ance(%)&#8220;25&#8243; Target: &#8222;FULL_PARTY&#8220; , pro LVL:&#8220;18&#8243;<\/p>\n<p>Antharas<br \/>\n\u0161ance(%)&#8220;100&#8243; Target: &#8222;FULL_PARTY&#8220; , pro LVL:&#8220;12, 13, 14, 15, 16&#8243;<br \/>\n\u0161ance(%)&#8220;50&#8243; Target: &#8222;FULL_PARTY&#8220; , pro LVL:&#8220;17&#8243;<br \/>\n\u0161ance(%)&#8220;25&#8243; Target: &#8222;FULL_PARTY&#8220; , pro LVL:&#8220;18&#8243;<\/p>\n<p>Valakas<br \/>\n\u0161ance(%)&#8220;100&#8243; Target: &#8222;FULL_PARTY&#8220; , pro LVL:&#8220;12, 13, 14, 15, 16&#8243;<br \/>\n\u0161ance(%)&#8220;50&#8243; Target: &#8222;FULL_PARTY&#8220; , pro LVL:&#8220;17&#8243;<br \/>\n\u0161ance(%)&#8220;25&#8243; Target: &#8222;FULL_PARTY&#8220; , pro LVL:&#8220;18&#8243;<\/p>\n","protected":false},"excerpt":{"rendered":"<p>Tento p\u0159ehled je p\u0159\u00edm\u00edm extraktem z nastaven\u00ed serveru. Jsou zde vid\u011bt \u0161ance a nab\u00edjen\u00ed SC od lvl 15 a v\u00fd\u0161e Zaken \u0161ance(%) &#8222;100&#8220; Target=&#8220;FULL_PARTY&#8220; , pro LVL=&#8220;10, 11&#8243; \u0161ance(%) &#8222;10&#8220; Target=&#8220;FULL_PARTY&#8220;, pro LVL=&#8220;12, 13&#8243; Daytime Zaken \u0161ance(%) &#8222;10&#8220; Target=&#8220;PARTY_ONE_RANDOM&#8220;, pro LVL =&#8220;10, 11&#8243; Night-time Zaken \u0161ance(%) &#8222;20&#8220; Target=&#8220;PARTY_ONE_RANDOM&#8220; pro LVL=&#8220;12, 13&#8243; \u0161ance(%) &#8222;10&#8220; Target=&#8220;PARTY_ONE_RANDOM&#8220; pro &hellip; <\/p>\n<p class=\"link-more\"><a href=\"https:\/\/www.memorium.cz\/?page_id=1607\" class=\"more-link\">Pokra\u010dovat ve \u010dten\u00ed<span class=\"screen-reader-text\"> &#8222;Nab\u00edjen\u00ed SC&#8220;<\/span><\/a><\/p>\n","protected":false},"author":1666,"featured_media":0,"parent":2,"menu_order":0,"comment_status":"open","ping_status":"open","template":"","meta":{"footnotes":""},"class_list":["post-1607","page","type-page","status-publish","hentry"],"_links":{"self":[{"href":"https:\/\/www.memorium.cz\/index.php?rest_route=\/wp\/v2\/pages\/1607","targetHints":{"allow":["GET"]}}],"collection":[{"href":"https:\/\/www.memorium.cz\/index.php?rest_route=\/wp\/v2\/pages"}],"about":[{"href":"https:\/\/www.memorium.cz\/index.php?rest_route=\/wp\/v2\/types\/page"}],"author":[{"embeddable":true,"href":"https:\/\/www.memorium.cz\/index.php?rest_route=\/wp\/v2\/users\/1666"}],"replies":[{"embeddable":true,"href":"https:\/\/www.memorium.cz\/index.php?rest_route=%2Fwp%2Fv2%2Fcomments&post=1607"}],"version-history":[{"count":2,"href":"https:\/\/www.memorium.cz\/index.php?rest_route=\/wp\/v2\/pages\/1607\/revisions"}],"predecessor-version":[{"id":2557,"href":"https:\/\/www.memorium.cz\/index.php?rest_route=\/wp\/v2\/pages\/1607\/revisions\/2557"}],"up":[{"embeddable":true,"href":"https:\/\/www.memorium.cz\/index.php?rest_route=\/wp\/v2\/pages\/2"}],"wp:attachment":[{"href":"https:\/\/www.memorium.cz\/index.php?rest_route=%2Fwp%2Fv2%2Fmedia&parent=1607"}],"curies":[{"name":"wp","href":"https:\/\/api.w.org\/{rel}","templated":true}]}}