{"id":160,"date":"2011-02-18T12:13:08","date_gmt":"2011-02-18T11:13:08","guid":{"rendered":"http:\/\/www.memorium.cz\/beta\/?page_id=160"},"modified":"2017-01-14T13:39:38","modified_gmt":"2017-01-14T12:39:38","slug":"character-renamer","status":"publish","type":"page","link":"https:\/\/www.memorium.cz\/?page_id=160","title":{"rendered":"Character Renamer"},"content":{"rendered":"\ufeff<center><img loading=\"lazy\" decoding=\"async\" src=\"module\/crete_03.jpg\" width=\"450\" height=\"350\"><\/center>\n<form action=\"module\/character_renamer.php\">\n<CENTER>Character Renamer<\/CENTER>\n<CENTER>Zde m\u016f\u017ee\u0161 prov\u00e9zt zm\u011bnu jm\u00e9na sv\u00e9 postavy<\/CENTER>\n<CENTER>Zm\u011bna je zpoplatn\u011bna 10 FA<\/CENTER>\n<font size=\"2\" color=\"red\"><CENTER>Character nesm\u00ed b\u00fdt v jailu !<\/CENTER><\/font>\n<BR>\n<CENTER>N\u00e1zev accountu: <input type=\"text\" name=\"acc\" value=\"\" \/>\n<BR>\nJm\u00e9no postavy: <input type=\"text\" name=\"player\" value=\"\" pattern=\"^[a-zA-Z0-9]*$\"\/>\n<BR>\nNov\u00e9 jm\u00e9no postavy: <input type=\"text\" name=\"player2\" value=\"\" pattern=\"^[a-zA-Z0-9]*$\"\/>\n<BR>\n      Heslo: <input type=\"password\" name=\"pass\" value=\"\" \/><\/CENTER>\n<BR>\n<CENTER><input type=submit value=\"Zm\u011b\u0148 m\u00e9 jm\u00e9no\"><\/CENTER>\n<\/form>\n\n\n","protected":false},"excerpt":{"rendered":"","protected":false},"author":1666,"featured_media":0,"parent":147,"menu_order":0,"comment_status":"closed","ping_status":"closed","template":"","meta":{"footnotes":""},"class_list":["post-160","page","type-page","status-publish","hentry"],"_links":{"self":[{"href":"https:\/\/www.memorium.cz\/index.php?rest_route=\/wp\/v2\/pages\/160","targetHints":{"allow":["GET"]}}],"collection":[{"href":"https:\/\/www.memorium.cz\/index.php?rest_route=\/wp\/v2\/pages"}],"about":[{"href":"https:\/\/www.memorium.cz\/index.php?rest_route=\/wp\/v2\/types\/page"}],"author":[{"embeddable":true,"href":"https:\/\/www.memorium.cz\/index.php?rest_route=\/wp\/v2\/users\/1666"}],"replies":[{"embeddable":true,"href":"https:\/\/www.memorium.cz\/index.php?rest_route=%2Fwp%2Fv2%2Fcomments&post=160"}],"version-history":[{"count":3,"href":"https:\/\/www.memorium.cz\/index.php?rest_route=\/wp\/v2\/pages\/160\/revisions"}],"predecessor-version":[{"id":2559,"href":"https:\/\/www.memorium.cz\/index.php?rest_route=\/wp\/v2\/pages\/160\/revisions\/2559"}],"up":[{"embeddable":true,"href":"https:\/\/www.memorium.cz\/index.php?rest_route=\/wp\/v2\/pages\/147"}],"wp:attachment":[{"href":"https:\/\/www.memorium.cz\/index.php?rest_route=%2Fwp%2Fv2%2Fmedia&parent=160"}],"curies":[{"name":"wp","href":"https:\/\/api.w.org\/{rel}","templated":true}]}}