{"id":157,"date":"2011-02-18T12:09:35","date_gmt":"2011-02-18T11:09:35","guid":{"rendered":"http:\/\/www.memorium.cz\/beta\/?page_id=157"},"modified":"2017-01-14T13:40:05","modified_gmt":"2017-01-14T12:40:05","slug":"character-transfer","status":"publish","type":"page","link":"https:\/\/www.memorium.cz\/?page_id=157","title":{"rendered":"Character Transfer"},"content":{"rendered":"<center><img loading=\"lazy\" decoding=\"async\" src=\"module\/lineage2_kamael_character-select-screen.jpg\" width=\"450\" height=\"350\"><\/center>\r\n<form action=\"module\/char_split.php\">\r\n<CENTER>Character Transfer<\/CENTER>\r\n<CENTER>Zde je mo\u017en\u00e9 prov\u00e9zt p\u0159esun charu z jednoho ACC na jinn\u00e9 <\/CENTER>\r\n<CENTER>Accounty je nutn\u00e9 m\u00edt vytvo\u0159en\u00e9 v ACM p\u0159\u00edpadn\u011b se mus\u00ed jednat o ji\u017e existuj\u00edc\u00ed account<\/CENTER>\r\n\r\n<BR>\r\n<CENTER>N\u00e1zev accountu ze kter\u00e9ho bude char p\u0159enesen: <input type=\"text\" name=\"acc\" value=\"\" \/>\r\n<BR>\r\nJm\u00e9no postavy: <input type=\"text\" name=\"player\" value=\"\" \/>\r\n<BR>\r\n      Heslo: <input type=\"password\" name=\"pass\" value=\"\" \/><\/CENTER>\r\n<BR>\r\n<CENTER>N\u00e1zev accountu na kter\u00fd bude char p\u0159enesen: <input type=\"text\" name=\"acc2\" value=\"\" \/>\r\n<BR>\r\n      Heslo: <input type=\"password\" name=\"pass2\" value=\"\" \/><\/CENTER>\r\n<BR>\r\n\r\n<BR>\r\n<CENTER><input type=submit value=\"Transfer\"><\/CENTER>\r\n<\/form>\r\n\r\n\n","protected":false},"excerpt":{"rendered":"","protected":false},"author":1666,"featured_media":0,"parent":147,"menu_order":0,"comment_status":"closed","ping_status":"closed","template":"","meta":{"footnotes":""},"class_list":["post-157","page","type-page","status-publish","hentry"],"_links":{"self":[{"href":"https:\/\/www.memorium.cz\/index.php?rest_route=\/wp\/v2\/pages\/157","targetHints":{"allow":["GET"]}}],"collection":[{"href":"https:\/\/www.memorium.cz\/index.php?rest_route=\/wp\/v2\/pages"}],"about":[{"href":"https:\/\/www.memorium.cz\/index.php?rest_route=\/wp\/v2\/types\/page"}],"author":[{"embeddable":true,"href":"https:\/\/www.memorium.cz\/index.php?rest_route=\/wp\/v2\/users\/1666"}],"replies":[{"embeddable":true,"href":"https:\/\/www.memorium.cz\/index.php?rest_route=%2Fwp%2Fv2%2Fcomments&post=157"}],"version-history":[{"count":3,"href":"https:\/\/www.memorium.cz\/index.php?rest_route=\/wp\/v2\/pages\/157\/revisions"}],"predecessor-version":[{"id":159,"href":"https:\/\/www.memorium.cz\/index.php?rest_route=\/wp\/v2\/pages\/157\/revisions\/159"}],"up":[{"embeddable":true,"href":"https:\/\/www.memorium.cz\/index.php?rest_route=\/wp\/v2\/pages\/147"}],"wp:attachment":[{"href":"https:\/\/www.memorium.cz\/index.php?rest_route=%2Fwp%2Fv2%2Fmedia&parent=157"}],"curies":[{"name":"wp","href":"https:\/\/api.w.org\/{rel}","templated":true}]}}