{"id":1451,"date":"2013-12-09T22:15:46","date_gmt":"2013-12-09T21:15:46","guid":{"rendered":"http:\/\/www.memorium.cz\/?page_id=1451"},"modified":"2013-12-09T22:19:33","modified_gmt":"2013-12-09T21:19:33","slug":"teamspeak-server","status":"publish","type":"page","link":"https:\/\/www.memorium.cz\/?page_id=1451","title":{"rendered":"TeamSpeak Server"},"content":{"rendered":"<ul>\n<li>Team Speak Server b\u011b\u017e\u00ed na verzi 3<\/li>\n<li>Odpov\u00eddaj\u00edc\u00edho klienta stahujte nap\u0159. zde:<\/li>\n<\/ul>\n<ol>\n<li><a href=\"http:\/\/www.teamspeak.com\/?page=downloads\">http:\/\/www.teamspeak.com\/?page=downloads<\/a><\/li>\n<\/ol>\n<p>&nbsp;<\/p>\n<ul>\n<li>Adresa serveru je: memorium.cz<\/li>\n<li>Heslo nen\u00ed pou\u017eito<\/li>\n<\/ul>\n<p>&nbsp;<\/p>\n<ul>\n<li>\u017d\u00e1dosti o clanov\u00e9 m\u00edstnosti pos\u00edlejte na moros@memorium.cz a do p\u0159edm\u011btu pi\u0161te: &#8222;\u017d\u00c1DOST &#8211; TS Clanov\u00e1 m\u00edstnost&#8220;<\/li>\n<\/ul>\n<p>&nbsp;<\/p>\n<p style=\"text-align: center;\"><a href=\"https:\/\/www.memorium.cz\/wp-content\/uploads\/2013\/12\/TS.jpg\"><img loading=\"lazy\" decoding=\"async\" class=\"size-full wp-image-1452 aligncenter\" title=\"TS\" src=\"https:\/\/www.memorium.cz\/wp-content\/uploads\/2013\/12\/TS.jpg\" alt=\"\" width=\"376\" height=\"182\" srcset=\"https:\/\/www.memorium.cz\/wp-content\/uploads\/2013\/12\/TS.jpg 376w, https:\/\/www.memorium.cz\/wp-content\/uploads\/2013\/12\/TS-300x145.jpg 300w\" sizes=\"auto, (max-width: 376px) 100vw, 376px\" \/><\/a><\/p>\n","protected":false},"excerpt":{"rendered":"<p>Team Speak Server b\u011b\u017e\u00ed na verzi 3 Odpov\u00eddaj\u00edc\u00edho klienta stahujte nap\u0159. zde: http:\/\/www.teamspeak.com\/?page=downloads &nbsp; Adresa serveru je: memorium.cz Heslo nen\u00ed pou\u017eito &nbsp; \u017d\u00e1dosti o clanov\u00e9 m\u00edstnosti pos\u00edlejte na moros@memorium.cz a do p\u0159edm\u011btu pi\u0161te: &#8222;\u017d\u00c1DOST &#8211; TS Clanov\u00e1 m\u00edstnost&#8220; &nbsp;<\/p>\n","protected":false},"author":2,"featured_media":0,"parent":147,"menu_order":0,"comment_status":"open","ping_status":"open","template":"","meta":{"footnotes":""},"class_list":["post-1451","page","type-page","status-publish","hentry"],"_links":{"self":[{"href":"https:\/\/www.memorium.cz\/index.php?rest_route=\/wp\/v2\/pages\/1451","targetHints":{"allow":["GET"]}}],"collection":[{"href":"https:\/\/www.memorium.cz\/index.php?rest_route=\/wp\/v2\/pages"}],"about":[{"href":"https:\/\/www.memorium.cz\/index.php?rest_route=\/wp\/v2\/types\/page"}],"author":[{"embeddable":true,"href":"https:\/\/www.memorium.cz\/index.php?rest_route=\/wp\/v2\/users\/2"}],"replies":[{"embeddable":true,"href":"https:\/\/www.memorium.cz\/index.php?rest_route=%2Fwp%2Fv2%2Fcomments&post=1451"}],"version-history":[{"count":8,"href":"https:\/\/www.memorium.cz\/index.php?rest_route=\/wp\/v2\/pages\/1451\/revisions"}],"predecessor-version":[{"id":1455,"href":"https:\/\/www.memorium.cz\/index.php?rest_route=\/wp\/v2\/pages\/1451\/revisions\/1455"}],"up":[{"embeddable":true,"href":"https:\/\/www.memorium.cz\/index.php?rest_route=\/wp\/v2\/pages\/147"}],"wp:attachment":[{"href":"https:\/\/www.memorium.cz\/index.php?rest_route=%2Fwp%2Fv2%2Fmedia&parent=1451"}],"curies":[{"name":"wp","href":"https:\/\/api.w.org\/{rel}","templated":true}]}}