{"id":1396,"date":"2013-11-30T23:26:07","date_gmt":"2013-11-30T22:26:07","guid":{"rendered":"http:\/\/www.memorium.cz\/?page_id=1396"},"modified":"2021-12-26T00:15:23","modified_gmt":"2021-12-25T23:15:23","slug":"hracske-prikazy","status":"publish","type":"page","link":"https:\/\/www.memorium.cz\/?page_id=1396","title":{"rendered":"Hr\u00e1\u010dsk\u00e9 p\u0159\u00edkazy"},"content":{"rendered":"\n<figure class=\"wp-block-table\"><table><tbody><tr><td>Funkce<\/td><td>P\u0159\u00edkaz<\/td><td>Vysv\u011btlen\u00ed funkce<\/td><\/tr><tr><td>Banking<\/td><td>.bank<\/td><td>Informace o bance<\/td><\/tr><tr><td>&nbsp;<\/td><td>.deposit<\/td><td>Ukl\u00e1d\u00e1n\u00ed<\/td><\/tr><tr><td>&nbsp;<\/td><td>.withdraw<\/td><td>V\u00fdb\u011br<\/td><\/tr><tr><td>&nbsp;<\/td><td>&nbsp;<\/td><td>&nbsp;<\/td><\/tr><tr><td>Castle<\/td><td>.open doors<\/td><td>Otev\u0159en\u00ed dve\u0159\u00ed<\/td><\/tr><tr><td>&nbsp;<\/td><td>.close doors<\/td><td>Uzav\u0159en\u00ed dv\u011b\u0159\u00ed<\/td><\/tr><tr><td>&nbsp;<\/td><td>.ride wyvern<\/td><td>Let na wyvern\u011b<\/td><\/tr><tr><td>&nbsp;<\/td><td>&nbsp;<\/td><td>&nbsp;<\/td><\/tr><tr><td>CTF<\/td><td>.joinctf<\/td><td>P\u0159ihl\u00e1sit se do CTF<\/td><\/tr><tr><td>&nbsp;<\/td><td>.leavectf<\/td><td>Odhl\u00e1sit se z CTF<\/td><\/tr><tr><td>&nbsp;<\/td><td>.infoctf<\/td><td>Info o CTF<\/td><\/tr><tr><td>&nbsp;<\/td><td>&nbsp;<\/td><td>&nbsp;<\/td><\/tr><tr><td>Experience<\/td><td>.expon<\/td><td>Zapnut\u00ed EXP<\/td><\/tr><tr><td>&nbsp;<\/td><td>.expoff<\/td><td>Vypnut\u00ed EXP<\/td><\/tr><tr><td>&nbsp;<\/td><td>&nbsp;<\/td><td>&nbsp;<\/td><\/tr><tr><td>Hellbound<\/td><td>.hellbound<\/td><td>Info o aktuln\u00edm stavu Hellboundu<\/td><\/tr><tr><td>&nbsp;<\/td><td>&nbsp;<\/td><td>&nbsp;<\/td><\/tr><tr><td>Change Password<\/td><td>.changepassword<\/td><td>Zm\u011bna hesla<\/td><\/tr><tr><td>&nbsp;<\/td><td>&nbsp;<\/td><td>&nbsp;<\/td><\/tr><tr><td>Online Players<\/td><td>.onlineplayers<\/td><td>Aktu\u00e1ln\u00ed stav online hr\u00e1\u010d\u016f<\/td><\/tr><tr><td>&nbsp;<\/td><td>&nbsp;<\/td><td>&nbsp;<\/td><\/tr><tr><td>TVT<\/td><td>.tvt<\/td><td>Info k TVT<\/td><\/tr><tr><td>&nbsp;<\/td><td>&nbsp;<\/td><td>&nbsp;<\/td><\/tr><tr><td>Wedding<\/td><td>.divorce<\/td><td>Rozvod<\/td><\/tr><tr><td>&nbsp;<\/td><td>.engage<\/td><td>Uzav\u0159en\u00ed man\u017eelstv\u00ed<\/td><\/tr><tr><td>&nbsp;<\/td><td>.gotolove<\/td><td>Port k man\u017eel\/ce\/ovi<\/td><\/tr><tr><td>Talismany<\/td><td>.combinetalismans<\/td><td>slou\u010den\u00ed talisman\u016f stejn\u00e9ho typu do jednoho a se\u010dten\u00ed jejich many<\/td><\/tr><\/tbody><\/table><\/figure>\n","protected":false},"excerpt":{"rendered":"<p>Funkce P\u0159\u00edkaz Vysv\u011btlen\u00ed funkce Banking .bank Informace o bance &nbsp; .deposit Ukl\u00e1d\u00e1n\u00ed &nbsp; .withdraw V\u00fdb\u011br &nbsp; &nbsp; &nbsp; Castle .open doors Otev\u0159en\u00ed dve\u0159\u00ed &nbsp; .close doors Uzav\u0159en\u00ed dv\u011b\u0159\u00ed &nbsp; .ride wyvern Let na wyvern\u011b &nbsp; &nbsp; &nbsp; CTF .joinctf P\u0159ihl\u00e1sit se do CTF &nbsp; .leavectf Odhl\u00e1sit se z CTF &nbsp; .infoctf Info o CTF &nbsp; &hellip; <\/p>\n<p class=\"link-more\"><a href=\"https:\/\/www.memorium.cz\/?page_id=1396\" class=\"more-link\">Pokra\u010dovat ve \u010dten\u00ed<span class=\"screen-reader-text\"> &#8222;Hr\u00e1\u010dsk\u00e9 p\u0159\u00edkazy&#8220;<\/span><\/a><\/p>\n","protected":false},"author":2,"featured_media":0,"parent":147,"menu_order":0,"comment_status":"open","ping_status":"open","template":"","meta":{"footnotes":""},"class_list":["post-1396","page","type-page","status-publish","hentry"],"_links":{"self":[{"href":"https:\/\/www.memorium.cz\/index.php?rest_route=\/wp\/v2\/pages\/1396","targetHints":{"allow":["GET"]}}],"collection":[{"href":"https:\/\/www.memorium.cz\/index.php?rest_route=\/wp\/v2\/pages"}],"about":[{"href":"https:\/\/www.memorium.cz\/index.php?rest_route=\/wp\/v2\/types\/page"}],"author":[{"embeddable":true,"href":"https:\/\/www.memorium.cz\/index.php?rest_route=\/wp\/v2\/users\/2"}],"replies":[{"embeddable":true,"href":"https:\/\/www.memorium.cz\/index.php?rest_route=%2Fwp%2Fv2%2Fcomments&post=1396"}],"version-history":[{"count":5,"href":"https:\/\/www.memorium.cz\/index.php?rest_route=\/wp\/v2\/pages\/1396\/revisions"}],"predecessor-version":[{"id":2661,"href":"https:\/\/www.memorium.cz\/index.php?rest_route=\/wp\/v2\/pages\/1396\/revisions\/2661"}],"up":[{"embeddable":true,"href":"https:\/\/www.memorium.cz\/index.php?rest_route=\/wp\/v2\/pages\/147"}],"wp:attachment":[{"href":"https:\/\/www.memorium.cz\/index.php?rest_route=%2Fwp%2Fv2%2Fmedia&parent=1396"}],"curies":[{"name":"wp","href":"https:\/\/api.w.org\/{rel}","templated":true}]}}